{"id":8489,"date":"2021-06-25T13:37:54","date_gmt":"2021-06-25T13:37:54","guid":{"rendered":"https:\/\/www.jhandudar.si\/o-nas\/"},"modified":"2024-09-09T07:03:35","modified_gmt":"2024-09-09T07:03:35","slug":"o-nas","status":"publish","type":"page","link":"https:\/\/www.jhandudar.si\/sl\/o-nas\/","title":{"rendered":"O nas"},"content":{"rendered":"\t\t<div data-elementor-type=\"wp-page\" data-elementor-id=\"8489\" class=\"elementor elementor-8489 elementor-2143\">\n\t\t\t\t\t\t<section class=\"elementor-section elementor-top-section elementor-element elementor-element-2ae198d elementor-section-boxed elementor-section-height-default elementor-section-height-default\" data-id=\"2ae198d\" data-element_type=\"section\">\n\t\t\t\t\t\t<div class=\"elementor-container elementor-column-gap-default\">\n\t\t\t\t\t<div class=\"elementor-column elementor-col-50 elementor-top-column elementor-element elementor-element-de05654\" data-id=\"de05654\" data-element_type=\"column\">\n\t\t\t<div class=\"elementor-widget-wrap elementor-element-populated\">\n\t\t\t\t\t\t<div class=\"elementor-element elementor-element-bf41b63 elementor-widget elementor-widget-spacer\" data-id=\"bf41b63\" data-element_type=\"widget\" data-widget_type=\"spacer.default\">\n\t\t\t\t<div class=\"elementor-widget-container\">\n\t\t\t<style>\/*! elementor - v3.23.0 - 05-08-2024 *\/\n.elementor-column .elementor-spacer-inner{height:var(--spacer-size)}.e-con{--container-widget-width:100%}.e-con-inner>.elementor-widget-spacer,.e-con>.elementor-widget-spacer{width:var(--container-widget-width,var(--spacer-size));--align-self:var(--container-widget-align-self,initial);--flex-shrink:0}.e-con-inner>.elementor-widget-spacer>.elementor-widget-container,.e-con>.elementor-widget-spacer>.elementor-widget-container{height:100%;width:100%}.e-con-inner>.elementor-widget-spacer>.elementor-widget-container>.elementor-spacer,.e-con>.elementor-widget-spacer>.elementor-widget-container>.elementor-spacer{height:100%}.e-con-inner>.elementor-widget-spacer>.elementor-widget-container>.elementor-spacer>.elementor-spacer-inner,.e-con>.elementor-widget-spacer>.elementor-widget-container>.elementor-spacer>.elementor-spacer-inner{height:var(--container-widget-height,var(--spacer-size))}.e-con-inner>.elementor-widget-spacer.elementor-widget-empty,.e-con>.elementor-widget-spacer.elementor-widget-empty{position:relative;min-height:22px;min-width:22px}.e-con-inner>.elementor-widget-spacer.elementor-widget-empty .elementor-widget-empty-icon,.e-con>.elementor-widget-spacer.elementor-widget-empty .elementor-widget-empty-icon{position:absolute;top:0;bottom:0;left:0;right:0;margin:auto;padding:0;width:22px;height:22px}<\/style>\t\t<div class=\"elementor-spacer\">\n\t\t\t<div class=\"elementor-spacer-inner\"><\/div>\n\t\t<\/div>\n\t\t\t\t<\/div>\n\t\t\t\t<\/div>\n\t\t\t\t<div class=\"elementor-element elementor-element-02c6c4e divider_yes aleft elementor-widget elementor-widget-wgl-double-heading\" data-id=\"02c6c4e\" data-element_type=\"widget\" data-widget_type=\"wgl-double-heading.default\">\n\t\t\t\t<div class=\"elementor-widget-container\">\n\t\t\t<div class=\"wgl-double-heading\"><h3 class=\"dblh__title-wrapper\"><span class=\"dblh__divider\"><\/span><span class=\"dblh__title dblh__title-1\">JHANDUDAR  \n<\/span><span class=\"dblh__title dblh__title-2\">RAVNANJE Z ODPADKI  <\/span><\/h3><\/div>\t\t<\/div>\n\t\t\t\t<\/div>\n\t\t\t\t<div class=\"elementor-element elementor-element-70bf61b elementor-widget elementor-widget-text-editor\" data-id=\"70bf61b\" data-element_type=\"widget\" data-widget_type=\"text-editor.default\">\n\t\t\t\t<div class=\"elementor-widget-container\">\n\t\t\t<style>\/*! elementor - v3.23.0 - 05-08-2024 *\/\n.elementor-widget-text-editor.elementor-drop-cap-view-stacked .elementor-drop-cap{background-color:#69727d;color:#fff}.elementor-widget-text-editor.elementor-drop-cap-view-framed .elementor-drop-cap{color:#69727d;border:3px solid;background-color:transparent}.elementor-widget-text-editor:not(.elementor-drop-cap-view-default) .elementor-drop-cap{margin-top:8px}.elementor-widget-text-editor:not(.elementor-drop-cap-view-default) .elementor-drop-cap-letter{width:1em;height:1em}.elementor-widget-text-editor .elementor-drop-cap{float:left;text-align:center;line-height:1;font-size:50px}.elementor-widget-text-editor .elementor-drop-cap-letter{display:inline-block}<\/style>\t\t\t\t<div>\n<div class=\"flex flex-grow flex-col max-w-full gap-3 gizmo:gap-0\">\n<div class=\"min-h-[20px] text-message peer flex flex-col items-start gap-3 whitespace-pre-wrap break-words peer-[.text-message]:mt-5 overflow-x-auto\" data-message-author-role=\"assistant\" data-message-id=\"30837cef-2f91-4752-8219-63dd06c96449\">\n<div class=\"markdown prose w-full break-words dark:prose-invert light\">\n<p>Jhandudar je va\u0161 celovit partner za okoljske re\u0161itve na podro\u010dju odpadkov.<br \/>\nZagotavljamo celovito paleto storitev, vklju\u010dno s svetovanjem, posredovanjem pri odstranjevanju in recikliranju, prilagojenimi logisti\u010dnimi re\u0161itvami ter trgovanjem s surovinami in trdnimi odpadki.<br \/>\nS sede\u017eem v Sloveniji delujemo z mednarodno mre\u017eo po vsej Evropi in \u0161ir\u0161e.  <\/p>\n<\/div>\n<\/div>\n<\/div>\n<\/div>\n\t\t\t\t\t\t<\/div>\n\t\t\t\t<\/div>\n\t\t\t\t<div class=\"elementor-element elementor-element-0acdbd1 elementor-widget elementor-widget-spacer\" data-id=\"0acdbd1\" data-element_type=\"widget\" data-widget_type=\"spacer.default\">\n\t\t\t\t<div class=\"elementor-widget-container\">\n\t\t\t\t\t<div class=\"elementor-spacer\">\n\t\t\t<div class=\"elementor-spacer-inner\"><\/div>\n\t\t<\/div>\n\t\t\t\t<\/div>\n\t\t\t\t<\/div>\n\t\t\t\t<div class=\"elementor-element elementor-element-3f1231b elementor-widget elementor-widget-text-editor\" data-id=\"3f1231b\" data-element_type=\"widget\" data-widget_type=\"text-editor.default\">\n\t\t\t\t<div class=\"elementor-widget-container\">\n\t\t\t\t\t\t\t<p>Na\u0161 cilj je usmerjati stranke pri odstranjevanju in recikliranju nevarnih in nenevarnih odpadkov.<br \/>\nNa\u0161e strokovno znanje in izku\u0161nje so v obravnavi razli\u010dnih izzivov, povezanih z ustreznim odstranjevanjem odpadkov &#8211; od za\u010detne opredelitve materiala do njegovega kon\u010dnega odstranjevanja.<br \/>\nV tem procesu zagotavljamo popolno skladnost z zapletenimi okoljskimi zakoni na nacionalni in mednarodni ravni.<br \/>\nPoobla\u0161\u010deni in certificirani smo za obdelavo prijav na nacionalni in mednarodni ravni.   <\/p>\n\t\t\t\t\t\t<\/div>\n\t\t\t\t<\/div>\n\t\t\t\t\t<\/div>\n\t\t<\/div>\n\t\t\t\t<div class=\"elementor-column elementor-col-50 elementor-top-column elementor-element elementor-element-0d5aff4\" data-id=\"0d5aff4\" data-element_type=\"column\">\n\t\t\t<div class=\"elementor-widget-wrap elementor-element-populated\">\n\t\t\t\t\t\t<div class=\"elementor-element elementor-element-6f3054e elementor-widget-tablet__width-auto elementor-widget elementor-widget-wgl-image-layers\" data-id=\"6f3054e\" data-element_type=\"widget\" data-widget_type=\"wgl-image-layers.default\">\n\t\t\t\t<div class=\"elementor-widget-container\">\n\t\t\t<div class=\"wgl-image-layers\"><div class=\"img-layer_image-wrapper slide_up\" style=\"z-index: 1\">\n                <div class=\"img-layer_item\" style=\"transform: translate(0px, 0%);\">\n                    <div class=\"img-layer_image\" style=\"transition: all 1000ms; transition-delay: 400ms;\">\n                        <img decoding=\"async\" src=\"http:\/\/www.jhandudar.si\/wp-content\/uploads\/2023\/10\/Waste-Mangagement-3.jpg\" alt=\"Waste Mangagement 3\" \/>\n                    <\/div>\n                <\/div>\n            <\/div> <div class=\"img-layer_image-wrapper slide_left\" style=\"z-index: 1\">\n                <div class=\"img-layer_item\" style=\"transform: translate(0px, 0%);\">\n                    <div class=\"img-layer_image\" style=\"transition: all 1000ms; transition-delay: 800ms;\">\n                        <img decoding=\"async\" src=\"\" alt=\"\" \/>\n                    <\/div>\n                <\/div>\n            <\/div> <div class=\"img-layer_image-wrapper slide_down\" style=\"z-index: 1\">\n                <div class=\"img-layer_item\" style=\"transform: translate(0px, 0%);\">\n                    <div class=\"img-layer_image\" style=\"transition: all 1000ms; transition-delay: 1200ms;\">\n                        <img decoding=\"async\" src=\"\" alt=\"\" \/>\n                    <\/div>\n                <\/div>\n            <\/div> <\/div>\t\t<\/div>\n\t\t\t\t<\/div>\n\t\t\t\t\t<\/div>\n\t\t<\/div>\n\t\t\t\t\t<\/div>\n\t\t<\/section>\n\t\t<div class=\"elementor-element elementor-element-c2160e6 e-flex e-con-boxed e-con e-parent\" data-id=\"c2160e6\" data-element_type=\"container\">\n\t\t\t\t\t<div class=\"e-con-inner\">\n\t\t\t\t<div class=\"elementor-element elementor-element-4a20d36 elementor-widget elementor-widget-spacer\" data-id=\"4a20d36\" data-element_type=\"widget\" data-widget_type=\"spacer.default\">\n\t\t\t\t<div class=\"elementor-widget-container\">\n\t\t\t\t\t<div class=\"elementor-spacer\">\n\t\t\t<div class=\"elementor-spacer-inner\"><\/div>\n\t\t<\/div>\n\t\t\t\t<\/div>\n\t\t\t\t<\/div>\n\t\t\t\t\t<\/div>\n\t\t\t\t<\/div>\n\t\t<div class=\"elementor-element elementor-element-88c7689 e-flex e-con-boxed e-con e-parent\" data-id=\"88c7689\" data-element_type=\"container\">\n\t\t\t\t\t<div class=\"e-con-inner\">\n\t\t\t\t<div class=\"elementor-element elementor-element-ecc1b2b divider_yes elementor-widget__width-initial aleft elementor-widget elementor-widget-wgl-double-heading\" data-id=\"ecc1b2b\" data-element_type=\"widget\" data-widget_type=\"wgl-double-heading.default\">\n\t\t\t\t<div class=\"elementor-widget-container\">\n\t\t\t<div class=\"wgl-double-heading\"><h3 class=\"dblh__title-wrapper\"><span class=\"dblh__divider\"><\/span><span class=\"dblh__title dblh__title-1\">Stiki ustvarjajo na\u0161o prihodnost.  <\/span><span class=\"dblh__title dblh__title-2\">Zdru\u017eujemo strokovno znanje in izku\u0161nje za \u010diste koristi za vse.<\/span><\/h3><\/div>\t\t<\/div>\n\t\t\t\t<\/div>\n\t\t\t\t\t<\/div>\n\t\t\t\t<\/div>\n\t\t\t\t<section class=\"elementor-section elementor-top-section elementor-element elementor-element-1b9aea7 elementor-section-boxed elementor-section-height-default elementor-section-height-default\" data-id=\"1b9aea7\" data-element_type=\"section\">\n\t\t\t\t\t\t<div class=\"elementor-container elementor-column-gap-default\">\n\t\t\t\t\t<div class=\"elementor-column elementor-col-33 elementor-top-column elementor-element elementor-element-581c3ee\" data-id=\"581c3ee\" data-element_type=\"column\">\n\t\t\t<div class=\"elementor-widget-wrap elementor-element-populated\">\n\t\t\t\t\t\t<div class=\"elementor-element elementor-element-ddb3b53 animation_toggling aleft elementor-widget-icon-box wgl-icon-box elementor-view-bubble animation_bubble elementor-widget elementor-widget-wgl-info-box\" data-id=\"ddb3b53\" data-element_type=\"widget\" data-widget_type=\"wgl-info-box.default\">\n\t\t\t\t<div class=\"elementor-widget-container\">\n\t\t\t<div class=\"wgl-infobox\"><a class=\"wgl-infobox__link\" href=\"https:\/\/jhandudar.si\/services\/\"><\/a><div class=\"wgl-infobox_wrapper wgl-layout-top\"><div class=\"media-wrapper icon-wrapper\"><span class=\"wgl-icon\" ><i class=\"icon elementor-icon flaticon flaticon-paper-plane\" aria-hidden=\"true\"><\/i><\/span><\/div><div class=\"content_wrapper\"><div class=\"wgl-infobox-title_wrapper\"><h3 class=\"wgl-infobox_title\"><span class=\"wgl-infobox_title-idle\">Na\u0161e poslanstvo - Omogo\u010danje trajnostnega jutri<\/span><\/h3><\/div><div class=\"wgl-infobox_content\"><p>Vodi nas trdno prepri\u010danje, da stiki ustvarjajo na\u0161o prihodnost, zato si prizadevamo zdru\u017eiti vse strokovno znanje v na\u0161i \u0161iroki mednarodni mre\u017ei, da bi zagotovili \u010dist in za \u017eivljenje primeren svet za prihodnje generacije.<\/p>\n<\/div><\/div><\/div><\/div>\t\t<\/div>\n\t\t\t\t<\/div>\n\t\t\t\t\t<\/div>\n\t\t<\/div>\n\t\t\t\t<div class=\"elementor-column elementor-col-33 elementor-top-column elementor-element elementor-element-b49c426\" data-id=\"b49c426\" data-element_type=\"column\">\n\t\t\t<div class=\"elementor-widget-wrap elementor-element-populated\">\n\t\t\t\t\t\t<div class=\"elementor-element elementor-element-b22ff9b animation_toggling aleft elementor-widget-icon-box wgl-icon-box elementor-view-bubble animation_bubble elementor-widget elementor-widget-wgl-info-box\" data-id=\"b22ff9b\" data-element_type=\"widget\" data-widget_type=\"wgl-info-box.default\">\n\t\t\t\t<div class=\"elementor-widget-container\">\n\t\t\t<div class=\"wgl-infobox\"><a class=\"wgl-infobox__link\" href=\"https:\/\/jhandudar.si\/services\/\"><\/a><div class=\"wgl-infobox_wrapper wgl-layout-top\"><div class=\"media-wrapper icon-wrapper\"><span class=\"wgl-icon\" ><i class=\"icon elementor-icon flaticon flaticon-delivered\" aria-hidden=\"true\"><\/i><\/span><\/div><div class=\"content_wrapper\"><div class=\"wgl-infobox-title_wrapper\"><h3 class=\"wgl-infobox_title\"><span class=\"wgl-infobox_title-idle\">Na\u0161a obljuba - Gospodarstvo in ekologija<\/span><\/h3><\/div><div class=\"wgl-infobox_content\"><p>Prizadevamo si zagotavljati u\u010dinkovite okoljske re\u0161itve z zdru\u017eevanjem okolju prijaznih praks z izzivi stro\u0161kovne u\u010dinkovitosti, s katerimi se soo\u010dajo podjetja, da bi ustvarili koristi tako za na\u0161e stranke kot za na\u0161 planet.<\/p>\n<\/div><\/div><\/div><\/div>\t\t<\/div>\n\t\t\t\t<\/div>\n\t\t\t\t\t<\/div>\n\t\t<\/div>\n\t\t\t\t<div class=\"elementor-column elementor-col-33 elementor-top-column elementor-element elementor-element-68dd1ed\" data-id=\"68dd1ed\" data-element_type=\"column\">\n\t\t\t<div class=\"elementor-widget-wrap elementor-element-populated\">\n\t\t\t\t\t\t<div class=\"elementor-element elementor-element-1194f79 animation_toggling aleft elementor-widget-icon-box wgl-icon-box elementor-view-bubble animation_bubble elementor-widget elementor-widget-wgl-info-box\" data-id=\"1194f79\" data-element_type=\"widget\" data-widget_type=\"wgl-info-box.default\">\n\t\t\t\t<div class=\"elementor-widget-container\">\n\t\t\t<div class=\"wgl-infobox\"><a class=\"wgl-infobox__link\" href=\"https:\/\/jhandudar.si\/services\/\"><\/a><div class=\"wgl-infobox_wrapper wgl-layout-top\"><div class=\"media-wrapper icon-wrapper\"><span class=\"wgl-icon\" ><i class=\"icon elementor-icon flaticon flaticon-trolley\" aria-hidden=\"true\"><\/i><\/span><\/div><div class=\"content_wrapper\"><div class=\"wgl-infobox-title_wrapper\"><h3 class=\"wgl-infobox_title\"><span class=\"wgl-infobox_title-idle\">Na\u0161e vrednote - Zaupanje in preglednost<\/span><\/h3><\/div><div class=\"wgl-infobox_content\"><p>Temelji na zaupanju in preglednosti, pri \u010demer smo fleksibilni s stiskom roke.<br \/>\nUstvarjamo dolgoro\u010dne odnose ter gradimo trajne temelje zaupanja in zanesljivosti. <\/p>\n<\/div><\/div><\/div><\/div>\t\t<\/div>\n\t\t\t\t<\/div>\n\t\t\t\t\t<\/div>\n\t\t<\/div>\n\t\t\t\t\t<\/div>\n\t\t<\/section>\n\t\t\t\t<section class=\"elementor-section elementor-top-section elementor-element elementor-element-21bfa6b elementor-section-boxed elementor-section-height-default elementor-section-height-default\" data-id=\"21bfa6b\" data-element_type=\"section\">\n\t\t\t\t\t\t<div class=\"elementor-container elementor-column-gap-default\">\n\t\t\t\t\t<div class=\"elementor-column elementor-col-100 elementor-top-column elementor-element elementor-element-a77985e\" data-id=\"a77985e\" data-element_type=\"column\">\n\t\t\t<div class=\"elementor-widget-wrap elementor-element-populated\">\n\t\t\t\t\t\t<div class=\"elementor-element elementor-element-25337b4 divider_yes acenter a-mobileleft elementor-widget elementor-widget-wgl-double-heading\" data-id=\"25337b4\" data-element_type=\"widget\" data-widget_type=\"wgl-double-heading.default\">\n\t\t\t\t<div class=\"elementor-widget-container\">\n\t\t\t<div class=\"wgl-double-heading\"><h3 class=\"dblh__title-wrapper\"><span class=\"dblh__divider\"><\/span><span class=\"dblh__title dblh__title-1\">Na\u0161a ekipa<\/span><span class=\"dblh__title dblh__title-2\">  je tu za vas<\/span><\/h3><\/div>\t\t<\/div>\n\t\t\t\t<\/div>\n\t\t\t\t<div class=\"elementor-element elementor-element-c4f5334 elementor-widget elementor-widget-spacer\" data-id=\"c4f5334\" data-element_type=\"widget\" data-widget_type=\"spacer.default\">\n\t\t\t\t<div class=\"elementor-widget-container\">\n\t\t\t\t\t<div class=\"elementor-spacer\">\n\t\t\t<div class=\"elementor-spacer-inner\"><\/div>\n\t\t<\/div>\n\t\t\t\t<\/div>\n\t\t\t\t<\/div>\n\t\t\t\t<div class=\"elementor-element elementor-element-8dfa770 acenter socials-official-idle socials-official-hover elementor-widget elementor-widget-wgl-team\" data-id=\"8dfa770\" data-element_type=\"widget\" data-widget_type=\"wgl-team.default\">\n\t\t\t\t<div class=\"elementor-widget-container\">\n\t\t\t<section class=\"wgl_module_team\"><div class=\"team__members grid-col--2 carousel\"><div class=\"wgl-carousel_wrapper\"><div class=\"wgl-carousel swiper wgl-carousel_swiper swiper-container pagination_circle \" data-swiper='{\"watchOverflow\":true,\"infinite\":true,\"variableWidth\":false,\"autoplay\":false,\"autoplaySpeed\":null,\"speed\":3000,\"arrows\":false,\"dots\":true,\"adaptiveHeight\":false,\"responsive\":[{\"breakpoint\":1600,\"slidesToShow\":\"2\",\"slidesToScroll\":1},{\"breakpoint\":1201,\"slidesToShow\":\"3\",\"slidesToScroll\":1},{\"breakpoint\":768,\"slidesToShow\":\"2\",\"slidesToScroll\":1},{\"breakpoint\":280,\"slidesToShow\":\"1\",\"slidesToScroll\":1}]}' data-item-carousel='wgl_carousel_69e311a27355e'><div class=\"swiper-wrapper\"><article class=\"team__member swiper-slide\"><div class=\"member__wrapper\"><div class=\"member__media\"><a href=\"https:\/\/www.jhandudar.si\/sl\/team\/paolo-balin\/\" class=\"member__thumbnail\"><span class=\"member__thumbnail-mark\"><\/span><img decoding=\"async\" src=\"https:\/\/www.jhandudar.si\/wp-content\/uploads\/2021\/06\/PAOLO-1-700x790.jpg\" class=\"thumbnail__featured\" alt=\"\"><\/a><\/div><div class=\"member__info\"><h2 class=\"member__name\"><a href=\"https:\/\/www.jhandudar.si\/sl\/team\/paolo-balin\/\">Paolo Balin<\/a><\/h2><div class=\"info__wrapper\"><\/div><\/div><\/div><\/article><article class=\"team__member swiper-slide\"><div class=\"member__wrapper\"><div class=\"member__media\"><a href=\"https:\/\/www.jhandudar.si\/sl\/team\/janez-mlakar\/\" class=\"member__thumbnail\"><span class=\"member__thumbnail-mark\"><\/span><img decoding=\"async\" src=\"https:\/\/www.jhandudar.si\/wp-content\/uploads\/2021\/06\/Design-ohne-Titel26-700x790.jpg\" class=\"thumbnail__featured\" alt=\"\"><\/a><\/div><div class=\"member__info\"><h2 class=\"member__name\"><a href=\"https:\/\/www.jhandudar.si\/sl\/team\/janez-mlakar\/\">Janez Mlakar<\/a><\/h2><div class=\"info__wrapper\"><\/div><\/div><\/div><\/article><\/div><ul class=\"swiper-pagination\" role=\"tablist\" data-carousel=\"wgl_carousel_69e311a27355e\"><\/ul><\/div><\/div><\/div><\/section>\t\t<\/div>\n\t\t\t\t<\/div>\n\t\t\t\t\t<\/div>\n\t\t<\/div>\n\t\t\t\t\t<\/div>\n\t\t<\/section>\n\t\t\t\t<section class=\"elementor-section elementor-top-section elementor-element elementor-element-fffec11 elementor-section-boxed elementor-section-height-default elementor-section-height-default\" data-id=\"fffec11\" data-element_type=\"section\" data-settings=\"{&quot;background_background&quot;:&quot;classic&quot;}\">\n\t\t\t\t\t\t\t<div class=\"elementor-background-overlay\"><\/div>\n\t\t\t\t\t\t\t<div class=\"elementor-container elementor-column-gap-default\">\n\t\t\t\t\t<div class=\"elementor-column elementor-col-100 elementor-top-column elementor-element elementor-element-5f01a5a\" data-id=\"5f01a5a\" data-element_type=\"column\">\n\t\t\t<div class=\"elementor-widget-wrap elementor-element-populated\">\n\t\t\t\t\t\t<div class=\"elementor-element elementor-element-9ec5327 elementor-widget elementor-widget-spacer\" data-id=\"9ec5327\" data-element_type=\"widget\" data-widget_type=\"spacer.default\">\n\t\t\t\t<div class=\"elementor-widget-container\">\n\t\t\t\t\t<div class=\"elementor-spacer\">\n\t\t\t<div class=\"elementor-spacer-inner\"><\/div>\n\t\t<\/div>\n\t\t\t\t<\/div>\n\t\t\t\t<\/div>\n\t\t\t\t<div class=\"elementor-element elementor-element-8387368 elementor-invisible elementor-widget elementor-widget-image\" data-id=\"8387368\" data-element_type=\"widget\" data-settings=\"{&quot;_animation&quot;:&quot;fadeInUp&quot;,&quot;_animation_delay&quot;:200}\" data-widget_type=\"image.default\">\n\t\t\t\t<div class=\"elementor-widget-container\">\n\t\t\t<style>\/*! elementor - v3.23.0 - 05-08-2024 *\/\n.elementor-widget-image{text-align:center}.elementor-widget-image a{display:inline-block}.elementor-widget-image a img[src$=\".svg\"]{width:48px}.elementor-widget-image img{vertical-align:middle;display:inline-block}<\/style>\t\t\t\t\t\t\t\t\t\t<img fetchpriority=\"high\" decoding=\"async\" width=\"1920\" height=\"1552\" src=\"https:\/\/www.jhandudar.si\/wp-content\/uploads\/2023\/08\/Jhandudar-vertical.png\" class=\"attachment-full size-full wp-image-8\" alt=\"\" srcset=\"https:\/\/www.jhandudar.si\/wp-content\/uploads\/2023\/08\/Jhandudar-vertical.png 1920w, https:\/\/www.jhandudar.si\/wp-content\/uploads\/2023\/08\/Jhandudar-vertical-1080x873.png 1080w, https:\/\/www.jhandudar.si\/wp-content\/uploads\/2023\/08\/Jhandudar-vertical-300x243.png 300w, https:\/\/www.jhandudar.si\/wp-content\/uploads\/2023\/08\/Jhandudar-vertical-1024x828.png 1024w, https:\/\/www.jhandudar.si\/wp-content\/uploads\/2023\/08\/Jhandudar-vertical-768x621.png 768w, https:\/\/www.jhandudar.si\/wp-content\/uploads\/2023\/08\/Jhandudar-vertical-1536x1242.png 1536w\" sizes=\"(max-width: 1920px) 100vw, 1920px\" \/>\t\t\t\t\t\t\t\t\t\t\t\t\t<\/div>\n\t\t\t\t<\/div>\n\t\t\t\t<div class=\"elementor-element elementor-element-f15175d elementor-invisible elementor-widget elementor-widget-heading\" data-id=\"f15175d\" data-element_type=\"widget\" data-settings=\"{&quot;_animation&quot;:&quot;fadeInUp&quot;,&quot;_animation_delay&quot;:400}\" data-widget_type=\"heading.default\">\n\t\t\t\t<div class=\"elementor-widget-container\">\n\t\t\t<style>\/*! elementor - v3.23.0 - 05-08-2024 *\/\n.elementor-heading-title{padding:0;margin:0;line-height:1}.elementor-widget-heading .elementor-heading-title[class*=elementor-size-]>a{color:inherit;font-size:inherit;line-height:inherit}.elementor-widget-heading .elementor-heading-title.elementor-size-small{font-size:15px}.elementor-widget-heading .elementor-heading-title.elementor-size-medium{font-size:19px}.elementor-widget-heading .elementor-heading-title.elementor-size-large{font-size:29px}.elementor-widget-heading .elementor-heading-title.elementor-size-xl{font-size:39px}.elementor-widget-heading .elementor-heading-title.elementor-size-xxl{font-size:59px}<\/style><h2 class=\"elementor-heading-title elementor-size-default\">Va\u0161 celovit partner za okoljske re\u0161itve za odpadke<\/h2>\t\t<\/div>\n\t\t\t\t<\/div>\n\t\t\t\t<div class=\"elementor-element elementor-element-49d2687 acenter a-mobilecenter elementor-invisible elementor-widget elementor-widget-wgl-button\" data-id=\"49d2687\" data-element_type=\"widget\" data-settings=\"{&quot;_animation&quot;:&quot;fadeInUp&quot;,&quot;_animation_delay&quot;:600}\" data-widget_type=\"wgl-button.default\">\n\t\t\t\t<div class=\"elementor-widget-container\">\n\t\t\t<div class=\"button-wrapper\"><a  class=\"wgl-button btn-size-xl \" role=\"button\" href=\"https:\/\/jhandudar.si\/contacts\/\"><div class=\"button-content-wrapper \"><span class=\"wgl-button-text\">Stiki<\/span><\/div><\/a><\/div>\t\t<\/div>\n\t\t\t\t<\/div>\n\t\t\t\t<div class=\"elementor-element elementor-element-90319e5 elementor-widget elementor-widget-spacer\" data-id=\"90319e5\" data-element_type=\"widget\" data-widget_type=\"spacer.default\">\n\t\t\t\t<div class=\"elementor-widget-container\">\n\t\t\t\t\t<div class=\"elementor-spacer\">\n\t\t\t<div class=\"elementor-spacer-inner\"><\/div>\n\t\t<\/div>\n\t\t\t\t<\/div>\n\t\t\t\t<\/div>\n\t\t\t\t\t<\/div>\n\t\t<\/div>\n\t\t\t\t\t<\/div>\n\t\t<\/section>\n\t\t<div class=\"elementor-element elementor-element-5af691e e-flex e-con-boxed e-con e-parent\" data-id=\"5af691e\" data-element_type=\"container\">\n\t\t\t\t\t<div class=\"e-con-inner\">\n\t\t\t\t<div class=\"elementor-element elementor-element-7cd82d9 elementor-widget elementor-widget-spacer\" data-id=\"7cd82d9\" data-element_type=\"widget\" data-widget_type=\"spacer.default\">\n\t\t\t\t<div class=\"elementor-widget-container\">\n\t\t\t\t\t<div class=\"elementor-spacer\">\n\t\t\t<div class=\"elementor-spacer-inner\"><\/div>\n\t\t<\/div>\n\t\t\t\t<\/div>\n\t\t\t\t<\/div>\n\t\t\t\t\t<\/div>\n\t\t\t\t<\/div>\n\t\t\t\t<\/div>\n\t\t","protected":false},"excerpt":{"rendered":"<p>JHANDUDAR RAVNANJE Z ODPADKI Jhandudar je va\u0161 celovit partner za okoljske re\u0161itve na podro\u010dju odpadkov. Zagotavljamo celovito paleto storitev, vklju\u010dno s svetovanjem, posredovanjem pri odstranjevanju in recikliranju, prilagojenimi logisti\u010dnimi re\u0161itvami ter trgovanjem s surovinami in trdnimi odpadki. S sede\u017eem v Sloveniji delujemo z mednarodno mre\u017eo po vsej Evropi in \u0161ir\u0161e. Na\u0161 cilj je usmerjati stranke [&hellip;]<\/p>\n","protected":false},"author":1,"featured_media":0,"parent":0,"menu_order":0,"comment_status":"closed","ping_status":"closed","template":"","meta":{"footnotes":""},"class_list":["post-8489","page","type-page","status-publish","hentry"],"_links":{"self":[{"href":"https:\/\/www.jhandudar.si\/sl\/wp-json\/wp\/v2\/pages\/8489"}],"collection":[{"href":"https:\/\/www.jhandudar.si\/sl\/wp-json\/wp\/v2\/pages"}],"about":[{"href":"https:\/\/www.jhandudar.si\/sl\/wp-json\/wp\/v2\/types\/page"}],"author":[{"embeddable":true,"href":"https:\/\/www.jhandudar.si\/sl\/wp-json\/wp\/v2\/users\/1"}],"replies":[{"embeddable":true,"href":"https:\/\/www.jhandudar.si\/sl\/wp-json\/wp\/v2\/comments?post=8489"}],"version-history":[{"count":1,"href":"https:\/\/www.jhandudar.si\/sl\/wp-json\/wp\/v2\/pages\/8489\/revisions"}],"predecessor-version":[{"id":8490,"href":"https:\/\/www.jhandudar.si\/sl\/wp-json\/wp\/v2\/pages\/8489\/revisions\/8490"}],"wp:attachment":[{"href":"https:\/\/www.jhandudar.si\/sl\/wp-json\/wp\/v2\/media?parent=8489"}],"curies":[{"name":"wp","href":"https:\/\/api.w.org\/{rel}","templated":true}]}}