{"id":8491,"date":"2021-06-25T14:29:36","date_gmt":"2021-06-25T14:29:36","guid":{"rendered":"https:\/\/www.jhandudar.si\/storitve\/"},"modified":"2024-09-09T07:03:56","modified_gmt":"2024-09-09T07:03:56","slug":"storitve","status":"publish","type":"page","link":"https:\/\/www.jhandudar.si\/sl\/storitve\/","title":{"rendered":"Storitve"},"content":{"rendered":"\t\t<div data-elementor-type=\"wp-page\" data-elementor-id=\"8491\" class=\"elementor elementor-8491 elementor-2318\">\n\t\t\t\t\t\t<section class=\"elementor-section elementor-top-section elementor-element elementor-element-23164c2 elementor-section-boxed elementor-section-height-default elementor-section-height-default\" data-id=\"23164c2\" data-element_type=\"section\">\n\t\t\t\t\t\t<div class=\"elementor-container elementor-column-gap-default\">\n\t\t\t\t\t<div class=\"elementor-column elementor-col-50 elementor-top-column elementor-element elementor-element-df415da\" data-id=\"df415da\" data-element_type=\"column\">\n\t\t\t<div class=\"elementor-widget-wrap elementor-element-populated\">\n\t\t\t\t\t\t<div class=\"elementor-element elementor-element-be3206e divider_yes aleft elementor-widget elementor-widget-wgl-double-heading\" data-id=\"be3206e\" data-element_type=\"widget\" data-widget_type=\"wgl-double-heading.default\">\n\t\t\t\t<div class=\"elementor-widget-container\">\n\t\t\t<div class=\"wgl-double-heading\"><h3 class=\"dblh__title-wrapper\"><span class=\"dblh__divider\"><\/span><span class=\"dblh__title dblh__title-1\">Na\u0161e <\/span><span class=\"dblh__title dblh__title-2\">Storitve<\/span><\/h3><\/div>\t\t<\/div>\n\t\t\t\t<\/div>\n\t\t\t\t\t<\/div>\n\t\t<\/div>\n\t\t\t\t<div class=\"elementor-column elementor-col-50 elementor-top-column elementor-element elementor-element-1e1c8e0\" data-id=\"1e1c8e0\" data-element_type=\"column\">\n\t\t\t<div class=\"elementor-widget-wrap elementor-element-populated\">\n\t\t\t\t\t\t<div class=\"elementor-element elementor-element-647be97 aright a-mobileleft elementor-widget elementor-widget-wgl-button\" data-id=\"647be97\" data-element_type=\"widget\" data-widget_type=\"wgl-button.default\">\n\t\t\t\t<div class=\"elementor-widget-container\">\n\t\t\t<div class=\"button-wrapper\"><a  class=\"wgl-button btn-size-xl \" role=\"button\" href=\"https:\/\/jhandudar.si\/contacts\/\"><div class=\"button-content-wrapper \"><span class=\"wgl-button-text\">KONTAKTIRAJTE NAS<\/span><\/div><\/a><\/div>\t\t<\/div>\n\t\t\t\t<\/div>\n\t\t\t\t\t<\/div>\n\t\t<\/div>\n\t\t\t\t\t<\/div>\n\t\t<\/section>\n\t\t\t\t<section class=\"elementor-section elementor-top-section elementor-element elementor-element-4ffcd89 elementor-section-boxed elementor-section-height-default elementor-section-height-default\" data-id=\"4ffcd89\" data-element_type=\"section\">\n\t\t\t\t\t\t<div class=\"elementor-container elementor-column-gap-default\">\n\t\t\t\t\t<div class=\"elementor-column elementor-col-100 elementor-top-column elementor-element elementor-element-179b744\" data-id=\"179b744\" data-element_type=\"column\">\n\t\t\t<div class=\"elementor-widget-wrap elementor-element-populated\">\n\t\t\t\t\t\t<div class=\"elementor-element elementor-element-e113097 elementor-widget elementor-widget-spacer\" data-id=\"e113097\" data-element_type=\"widget\" data-widget_type=\"spacer.default\">\n\t\t\t\t<div class=\"elementor-widget-container\">\n\t\t\t<style>\/*! elementor - v3.23.0 - 05-08-2024 *\/\n.elementor-column .elementor-spacer-inner{height:var(--spacer-size)}.e-con{--container-widget-width:100%}.e-con-inner>.elementor-widget-spacer,.e-con>.elementor-widget-spacer{width:var(--container-widget-width,var(--spacer-size));--align-self:var(--container-widget-align-self,initial);--flex-shrink:0}.e-con-inner>.elementor-widget-spacer>.elementor-widget-container,.e-con>.elementor-widget-spacer>.elementor-widget-container{height:100%;width:100%}.e-con-inner>.elementor-widget-spacer>.elementor-widget-container>.elementor-spacer,.e-con>.elementor-widget-spacer>.elementor-widget-container>.elementor-spacer{height:100%}.e-con-inner>.elementor-widget-spacer>.elementor-widget-container>.elementor-spacer>.elementor-spacer-inner,.e-con>.elementor-widget-spacer>.elementor-widget-container>.elementor-spacer>.elementor-spacer-inner{height:var(--container-widget-height,var(--spacer-size))}.e-con-inner>.elementor-widget-spacer.elementor-widget-empty,.e-con>.elementor-widget-spacer.elementor-widget-empty{position:relative;min-height:22px;min-width:22px}.e-con-inner>.elementor-widget-spacer.elementor-widget-empty .elementor-widget-empty-icon,.e-con>.elementor-widget-spacer.elementor-widget-empty .elementor-widget-empty-icon{position:absolute;top:0;bottom:0;left:0;right:0;margin:auto;padding:0;width:22px;height:22px}<\/style>\t\t<div class=\"elementor-spacer\">\n\t\t\t<div class=\"elementor-spacer-inner\"><\/div>\n\t\t<\/div>\n\t\t\t\t<\/div>\n\t\t\t\t<\/div>\n\t\t\t\t\t<\/div>\n\t\t<\/div>\n\t\t\t\t\t<\/div>\n\t\t<\/section>\n\t\t\t\t<section class=\"elementor-section elementor-top-section elementor-element elementor-element-3406112 elementor-section-boxed elementor-section-height-default elementor-section-height-default\" data-id=\"3406112\" data-element_type=\"section\">\n\t\t\t\t\t\t<div class=\"elementor-container elementor-column-gap-default\">\n\t\t\t\t\t<div class=\"elementor-column elementor-col-33 elementor-top-column elementor-element elementor-element-a4ad52e\" data-id=\"a4ad52e\" data-element_type=\"column\">\n\t\t\t<div class=\"elementor-widget-wrap elementor-element-populated\">\n\t\t\t\t\t\t<div class=\"elementor-element elementor-element-2015576 aleft elementor-widget-image-box wgl-image-box elementor-widget elementor-widget-wgl-info-box\" data-id=\"2015576\" data-element_type=\"widget\" data-widget_type=\"wgl-info-box.default\">\n\t\t\t\t<div class=\"elementor-widget-container\">\n\t\t\t<div class=\"wgl-infobox\"><div class=\"wgl-infobox_wrapper wgl-layout-top\"><div class=\"media-wrapper img-wrapper\"><figure class=\"wgl-image-box_img\"><span ><img fetchpriority=\"high\" decoding=\"async\" width=\"945\" height=\"907\" src=\"https:\/\/www.jhandudar.si\/wp-content\/uploads\/2023\/11\/Leistungen-Rohstoffhandel_IMG-20190624-WA0004-e1700555968497.jpg\" class=\"attachment-full size-full wp-image-6700\" alt=\"\" srcset=\"https:\/\/www.jhandudar.si\/wp-content\/uploads\/2023\/11\/Leistungen-Rohstoffhandel_IMG-20190624-WA0004-e1700555968497.jpg 945w, https:\/\/www.jhandudar.si\/wp-content\/uploads\/2023\/11\/Leistungen-Rohstoffhandel_IMG-20190624-WA0004-e1700555968497-300x288.jpg 300w, https:\/\/www.jhandudar.si\/wp-content\/uploads\/2023\/11\/Leistungen-Rohstoffhandel_IMG-20190624-WA0004-e1700555968497-768x737.jpg 768w\" sizes=\"(max-width: 945px) 100vw, 945px\" \/><\/span><\/figure><\/div><div class=\"content_wrapper\"><div class=\"wgl-infobox-title_wrapper\"><h3 class=\"wgl-infobox_title\"><span class=\"wgl-infobox_title-idle\">Trgovanje s surovinami in trdnimi odpadki<\/span><\/h3><\/div><div class=\"wgl-infobox_content\"><p>Trgujemo s surovinami in trdnimi odpadki ter sekundarnimi surovinami.<\/p>\n<\/div><div class=\"wgl-infobox-button_wrapper\"><a href=\"https:\/\/jhandudar.si\/trading-raw-and-solid-waste-materials\" class=\"wgl-infobox_button button-read-more\"><span>VE\u010c<\/span><\/a><\/div><\/div><\/div><\/div>\t\t<\/div>\n\t\t\t\t<\/div>\n\t\t\t\t\t<\/div>\n\t\t<\/div>\n\t\t\t\t<div class=\"elementor-column elementor-col-33 elementor-top-column elementor-element elementor-element-b14c746\" data-id=\"b14c746\" data-element_type=\"column\">\n\t\t\t<div class=\"elementor-widget-wrap elementor-element-populated\">\n\t\t\t\t\t\t<div class=\"elementor-element elementor-element-e91c68f aleft elementor-widget-image-box wgl-image-box elementor-widget elementor-widget-wgl-info-box\" data-id=\"e91c68f\" data-element_type=\"widget\" data-widget_type=\"wgl-info-box.default\">\n\t\t\t\t<div class=\"elementor-widget-container\">\n\t\t\t<div class=\"wgl-infobox\"><div class=\"wgl-infobox_wrapper wgl-layout-top\"><div class=\"media-wrapper img-wrapper\"><figure class=\"wgl-image-box_img\"><span ><img decoding=\"async\" width=\"945\" height=\"909\" src=\"https:\/\/www.jhandudar.si\/wp-content\/uploads\/2021\/06\/Leistungen_Logistik.jpeg\" class=\"attachment-full size-full wp-image-6297\" alt=\"\" srcset=\"https:\/\/www.jhandudar.si\/wp-content\/uploads\/2021\/06\/Leistungen_Logistik.jpeg 945w, https:\/\/www.jhandudar.si\/wp-content\/uploads\/2021\/06\/Leistungen_Logistik-300x289.jpeg 300w, https:\/\/www.jhandudar.si\/wp-content\/uploads\/2021\/06\/Leistungen_Logistik-768x739.jpeg 768w\" sizes=\"(max-width: 945px) 100vw, 945px\" \/><\/span><\/figure><\/div><div class=\"content_wrapper\"><div class=\"wgl-infobox-title_wrapper\"><h3 class=\"wgl-infobox_title\"><span class=\"wgl-infobox_title-idle\">Logisti\u010dne in transportne re\u0161itve<\/span><\/h3><\/div><div class=\"wgl-infobox_content\"><p>Razvijamo prilagojene logisti\u010dne re\u0161itve in vas povezujemo s pravimi partnerji za prevoz va\u0161ega materiala.<\/p>\n<\/div><div class=\"wgl-infobox-button_wrapper\"><a href=\"https:\/\/jhandudar.si\/logistics-and-transport\" class=\"wgl-infobox_button button-read-more\"><span>VE\u010c<\/span><\/a><\/div><\/div><\/div><\/div>\t\t<\/div>\n\t\t\t\t<\/div>\n\t\t\t\t\t<\/div>\n\t\t<\/div>\n\t\t\t\t<div class=\"elementor-column elementor-col-33 elementor-top-column elementor-element elementor-element-d4746f1\" data-id=\"d4746f1\" data-element_type=\"column\">\n\t\t\t<div class=\"elementor-widget-wrap elementor-element-populated\">\n\t\t\t\t\t\t<div class=\"elementor-element elementor-element-37a1121 aleft elementor-widget-image-box wgl-image-box elementor-widget elementor-widget-wgl-info-box\" data-id=\"37a1121\" data-element_type=\"widget\" data-widget_type=\"wgl-info-box.default\">\n\t\t\t\t<div class=\"elementor-widget-container\">\n\t\t\t<div class=\"wgl-infobox\"><div class=\"wgl-infobox_wrapper wgl-layout-top\"><div class=\"media-wrapper img-wrapper\"><figure class=\"wgl-image-box_img\"><span ><img decoding=\"async\" width=\"944\" height=\"909\" src=\"https:\/\/www.jhandudar.si\/wp-content\/uploads\/2023\/10\/WasteManagement-1.jpg\" class=\"attachment-full size-full wp-image-6293\" alt=\"\" srcset=\"https:\/\/www.jhandudar.si\/wp-content\/uploads\/2023\/10\/WasteManagement-1.jpg 944w, https:\/\/www.jhandudar.si\/wp-content\/uploads\/2023\/10\/WasteManagement-1-300x289.jpg 300w, https:\/\/www.jhandudar.si\/wp-content\/uploads\/2023\/10\/WasteManagement-1-768x740.jpg 768w\" sizes=\"(max-width: 944px) 100vw, 944px\" \/><\/span><\/figure><\/div><div class=\"content_wrapper\"><div class=\"wgl-infobox-title_wrapper\"><h3 class=\"wgl-infobox_title\"><span class=\"wgl-infobox_title-idle\">Ravnanje z odpadki in svetovanje<\/span><\/h3><\/div><div class=\"wgl-infobox_content\"><p>Razvijamo prilagojene re\u0161itve za va\u0161e trajnostno recikliranje in ravnanje z odpadki.<\/p>\n<\/div><div class=\"wgl-infobox-button_wrapper\"><a href=\"https:\/\/jhandudar.si\/waste-management-consulting\" class=\"wgl-infobox_button button-read-more\"><span>VE\u010c<\/span><\/a><\/div><\/div><\/div><\/div>\t\t<\/div>\n\t\t\t\t<\/div>\n\t\t\t\t\t<\/div>\n\t\t<\/div>\n\t\t\t\t\t<\/div>\n\t\t<\/section>\n\t\t\t\t<section class=\"elementor-section elementor-top-section elementor-element elementor-element-14edf37 elementor-section-boxed elementor-section-height-default elementor-section-height-default\" data-id=\"14edf37\" data-element_type=\"section\">\n\t\t\t\t\t\t\t<div class=\"elementor-background-overlay\"><\/div>\n\t\t\t\t\t\t\t<div class=\"elementor-container elementor-column-gap-default\">\n\t\t\t\t\t<div class=\"elementor-column elementor-col-100 elementor-top-column elementor-element elementor-element-ca00b0f\" data-id=\"ca00b0f\" data-element_type=\"column\">\n\t\t\t<div class=\"elementor-widget-wrap elementor-element-populated\">\n\t\t\t\t\t\t<div class=\"elementor-element elementor-element-c194847 divider_yes acenter elementor-widget elementor-widget-wgl-double-heading\" data-id=\"c194847\" data-element_type=\"widget\" data-widget_type=\"wgl-double-heading.default\">\n\t\t\t\t<div class=\"elementor-widget-container\">\n\t\t\t<div class=\"wgl-double-heading\"><h3 class=\"dblh__title-wrapper\"><span class=\"dblh__divider\"><\/span><span class=\"dblh__title dblh__title-1\">Zakaj  <\/span><span class=\"dblh__title dblh__title-2\">Izberite nas<\/span><\/h3><\/div>\t\t<\/div>\n\t\t\t\t<\/div>\n\t\t\t\t<div class=\"elementor-element elementor-element-23d7e2c divider_yes acenter elementor-widget elementor-widget-wgl-double-heading\" data-id=\"23d7e2c\" data-element_type=\"widget\" data-widget_type=\"wgl-double-heading.default\">\n\t\t\t\t<div class=\"elementor-widget-container\">\n\t\t\t<div class=\"wgl-double-heading\"><\/div>\t\t<\/div>\n\t\t\t\t<\/div>\n\t\t\t\t\t<\/div>\n\t\t<\/div>\n\t\t\t\t\t<\/div>\n\t\t<\/section>\n\t\t\t\t<section class=\"elementor-section elementor-top-section elementor-element elementor-element-f93aa50 elementor-section-full_width elementor-section-height-default elementor-section-height-default\" data-id=\"f93aa50\" data-element_type=\"section\" data-settings=\"{&quot;background_background&quot;:&quot;classic&quot;}\">\n\t\t\t\t\t\t\t<div class=\"elementor-background-overlay\"><\/div>\n\t\t\t\t\t\t\t<div class=\"elementor-container elementor-column-gap-no\">\n\t\t\t\t\t<div class=\"elementor-column elementor-col-25 elementor-top-column elementor-element elementor-element-8e4002f\" data-id=\"8e4002f\" data-element_type=\"column\">\n\t\t\t<div class=\"elementor-widget-wrap elementor-element-populated\">\n\t\t\t\t\t\t<div class=\"elementor-element elementor-element-6981823 aleft animation_toggling read_more_alignment-left elementor-widget elementor-widget-wgl-service-1\" data-id=\"6981823\" data-element_type=\"widget\" data-widget_type=\"wgl-service-1.default\">\n\t\t\t\t<div class=\"elementor-widget-container\">\n\t\t\t        <div class=\"wgl-service-1\">\n            <div class=\"wgl-service_content-wrap\">\n                <div class=\"wgl-service_content\">\n                                            <div class=\"wgl-service_subtitle\">01<\/div><h3 class=\"wgl-service_title\"><span class=\"service__title service_title-1\">Enotni partner  <\/span>\t\t\t\t\t\t\t\t<span class=\"service__title service_title-2\"><br>Re\u0161itve za odpadke, trgovanje, logistika<\/span><\/h3>                <\/div>\n            <\/div>\n        <\/div><div class=\"wgl-service_button-wrapper\"><a  class=\"wgl-service_button icon-read-more\"><i aria-hidden=\"true\" class=\"flaticon-right-arrow\"><\/i><\/a><\/div>\t\t<\/div>\n\t\t\t\t<\/div>\n\t\t\t\t\t<\/div>\n\t\t<\/div>\n\t\t\t\t<div class=\"elementor-column elementor-col-25 elementor-top-column elementor-element elementor-element-c461164\" data-id=\"c461164\" data-element_type=\"column\">\n\t\t\t<div class=\"elementor-widget-wrap elementor-element-populated\">\n\t\t\t\t\t\t<div class=\"elementor-element elementor-element-781f75a aleft animation_toggling read_more_alignment-left elementor-widget elementor-widget-wgl-service-1\" data-id=\"781f75a\" data-element_type=\"widget\" data-settings=\"{&quot;_animation&quot;:&quot;none&quot;,&quot;_animation_delay&quot;:600}\" data-widget_type=\"wgl-service-1.default\">\n\t\t\t\t<div class=\"elementor-widget-container\">\n\t\t\t        <div class=\"wgl-service-1\">\n            <div class=\"wgl-service_content-wrap\">\n                <div class=\"wgl-service_content\">\n                                            <div class=\"wgl-service_subtitle\">02<\/div><h3 class=\"wgl-service_title\"><span class=\"service__title service_title-1\">Poobla\u0161\u010deni in certificirani  <\/span>\t\t\t\t\t\t\t\t<span class=\"service__title service_title-2\"><br>za obvestila na mednarodni ravni<\/span><\/h3>                        <div class=\"wgl-service_description\">Ravnamo z razli\u010dnimi vrstami materialov, vklju\u010dno z nevarnimi odpadki in blatom iz \u010distilnih naprav - po vsej Evropi in zunaj nje.<\/div>                <\/div>\n            <\/div>\n        <\/div><div class=\"wgl-service_button-wrapper\"><a  class=\"wgl-service_button icon-read-more\"><i aria-hidden=\"true\" class=\"flaticon-right-arrow\"><\/i><\/a><\/div>\t\t<\/div>\n\t\t\t\t<\/div>\n\t\t\t\t\t<\/div>\n\t\t<\/div>\n\t\t\t\t<div class=\"elementor-column elementor-col-25 elementor-top-column elementor-element elementor-element-35021ef\" data-id=\"35021ef\" data-element_type=\"column\">\n\t\t\t<div class=\"elementor-widget-wrap elementor-element-populated\">\n\t\t\t\t\t\t<div class=\"elementor-element elementor-element-d1c08ab aleft animation_toggling read_more_alignment-left elementor-widget elementor-widget-wgl-service-1\" data-id=\"d1c08ab\" data-element_type=\"widget\" data-widget_type=\"wgl-service-1.default\">\n\t\t\t\t<div class=\"elementor-widget-container\">\n\t\t\t        <div class=\"wgl-service-1\">\n            <div class=\"wgl-service_content-wrap\">\n                <div class=\"wgl-service_content\">\n                                            <div class=\"wgl-service_subtitle\">03<\/div><h3 class=\"wgl-service_title\"><span class=\"service__title service_title-1\">Odli\u010dno omre\u017eje  <\/span>\t\t\t\t\t\t\t\t<span class=\"service__title service_title-2\">\n<br>v Odstranjevanje, recikliranje in logistika  <\/span><\/h3>                <\/div>\n            <\/div>\n        <\/div><div class=\"wgl-service_button-wrapper\"><a  class=\"wgl-service_button icon-read-more\"><i aria-hidden=\"true\" class=\"flaticon-right-arrow\"><\/i><\/a><\/div>\t\t<\/div>\n\t\t\t\t<\/div>\n\t\t\t\t\t<\/div>\n\t\t<\/div>\n\t\t\t\t<div class=\"elementor-column elementor-col-25 elementor-top-column elementor-element elementor-element-0939d9d\" data-id=\"0939d9d\" data-element_type=\"column\">\n\t\t\t<div class=\"elementor-widget-wrap elementor-element-populated\">\n\t\t\t\t\t\t<div class=\"elementor-element elementor-element-a68048f aleft animation_toggling read_more_alignment-left elementor-widget elementor-widget-wgl-service-1\" data-id=\"a68048f\" data-element_type=\"widget\" data-widget_type=\"wgl-service-1.default\">\n\t\t\t\t<div class=\"elementor-widget-container\">\n\t\t\t        <div class=\"wgl-service-1\">\n            <div class=\"wgl-service_content-wrap\">\n                <div class=\"wgl-service_content\">\n                                            <div class=\"wgl-service_subtitle\">04<\/div><h3 class=\"wgl-service_title\"><span class=\"service__title service_title-1\">Pristojnosti, specifi\u010dne za posamezno panogo<\/span><\/h3>                <\/div>\n            <\/div>\n        <\/div><div class=\"wgl-service_button-wrapper\"><a  class=\"wgl-service_button icon-read-more\"><i aria-hidden=\"true\" class=\"flaticon-right-arrow\"><\/i><\/a><\/div>\t\t<\/div>\n\t\t\t\t<\/div>\n\t\t\t\t\t<\/div>\n\t\t<\/div>\n\t\t\t\t\t<\/div>\n\t\t<\/section>\n\t\t\t\t<section class=\"elementor-section elementor-top-section elementor-element elementor-element-88301c5 elementor-section-boxed elementor-section-height-default elementor-section-height-default\" data-id=\"88301c5\" data-element_type=\"section\">\n\t\t\t\t\t\t<div class=\"elementor-container elementor-column-gap-default\">\n\t\t\t\t\t<div class=\"elementor-column elementor-col-100 elementor-top-column elementor-element elementor-element-9774991\" data-id=\"9774991\" data-element_type=\"column\">\n\t\t\t<div class=\"elementor-widget-wrap elementor-element-populated\">\n\t\t\t\t\t\t<div class=\"elementor-element elementor-element-57e4fd1 elementor-widget elementor-widget-spacer\" data-id=\"57e4fd1\" data-element_type=\"widget\" data-widget_type=\"spacer.default\">\n\t\t\t\t<div class=\"elementor-widget-container\">\n\t\t\t\t\t<div class=\"elementor-spacer\">\n\t\t\t<div class=\"elementor-spacer-inner\"><\/div>\n\t\t<\/div>\n\t\t\t\t<\/div>\n\t\t\t\t<\/div>\n\t\t\t\t<div class=\"elementor-element elementor-element-1f1a1fe elementor-widget elementor-widget-wgl-clients\" data-id=\"1f1a1fe\" data-element_type=\"widget\" data-widget_type=\"wgl-clients.default\">\n\t\t\t\t<div class=\"elementor-widget-container\">\n\t\t\t<div class=\"wgl-clients clearfix anim-ex_images items-5\" data-carousel=\"yes\"><div class=\"wgl-carousel_wrapper\"><div class=\"wgl-carousel swiper wgl-carousel_swiper swiper-container \" data-swiper='{\"watchOverflow\":true,\"infinite\":false,\"variableWidth\":false,\"autoplay\":false,\"autoplaySpeed\":null,\"speed\":3000,\"arrows\":false,\"dots\":false,\"adaptiveHeight\":false,\"responsive\":[{\"breakpoint\":1600,\"slidesToShow\":\"5\",\"slidesToScroll\":\"5\"},{\"breakpoint\":1201,\"slidesToShow\":\"5\",\"slidesToScroll\":\"5\"},{\"breakpoint\":768,\"slidesToShow\":\"4\",\"slidesToScroll\":\"4\"},{\"breakpoint\":280,\"slidesToShow\":\"2\",\"slidesToScroll\":\"2\"}]}' data-item-carousel='wgl_carousel_69e311800f08f'><div class=\"swiper-wrapper\"><div class=\"clients_image elementor-repeater-item-5e55fc4 swiper-slide\"><a class=\"image_link image_wrapper\" href=\"https:\/\/jhandudar.si\/services\/\"><img decoding=\"async\" class=\"hover_image\" alt=\"NEKTA\" src=\"http:\/\/www.jhandudar.si\/wp-content\/uploads\/2023\/11\/NEKTA.jpg\" \/><img decoding=\"async\" class=\"main_image\" alt=\"NEKTA GREY\" src=\"http:\/\/www.jhandudar.si\/wp-content\/uploads\/2023\/11\/NEKTA-GREY.jpg\" \/><\/a><\/div><div class=\"clients_image elementor-repeater-item-2a49a47 swiper-slide\"><a class=\"image_link image_wrapper\" href=\"https:\/\/jhandudar.si\/services\/\"><img decoding=\"async\" class=\"hover_image\" alt=\"Itelyum\" src=\"http:\/\/www.jhandudar.si\/wp-content\/uploads\/2023\/11\/Itelyum.jpg\" \/><img decoding=\"async\" class=\"main_image\" alt=\"Itelyum grey\" src=\"http:\/\/www.jhandudar.si\/wp-content\/uploads\/2023\/11\/Itelyum-grey.jpg\" \/><\/a><\/div><div class=\"clients_image elementor-repeater-item-ef6a289 swiper-slide\"><a class=\"image_link image_wrapper\" href=\"https:\/\/jhandudar.si\/services\/\"><img decoding=\"async\" class=\"hover_image\" alt=\"Logo Ecosab_colore_3\" src=\"http:\/\/www.jhandudar.si\/wp-content\/uploads\/2023\/11\/Logo-Ecosab_colore_3.jpg\" \/><img decoding=\"async\" class=\"main_image\" alt=\"Logo ecosab Greyscale_4\" src=\"http:\/\/www.jhandudar.si\/wp-content\/uploads\/2023\/11\/Logo-ecosab-Greyscale_4.jpg\" \/><\/a><\/div><div class=\"clients_image elementor-repeater-item-086a2ab swiper-slide\"><a class=\"image_link image_wrapper\" href=\"https:\/\/jhandudar.si\/services\/\"><img decoding=\"async\" class=\"hover_image\" alt=\"Logo Brenta Recycling Colore_freigestellt\" src=\"http:\/\/www.jhandudar.si\/wp-content\/uploads\/2023\/11\/Logo-Brenta-Recycling-Colore_freigestellt.jpeg\" \/><img decoding=\"async\" class=\"main_image\" alt=\"Logo Brenta Recycling\" src=\"http:\/\/www.jhandudar.si\/wp-content\/uploads\/2023\/11\/Design-ohne-Titel25.jpg\" \/><\/a><\/div><div class=\"clients_image elementor-repeater-item-0c84de3 swiper-slide\"><a class=\"image_link image_wrapper\" href=\"https:\/\/jhandudar.si\/services\/\"><img decoding=\"async\" class=\"hover_image\" alt=\"1\" src=\"https:\/\/www.jhandudar.si\/wp-content\/uploads\/2023\/11\/1-1.jpg\" \/><img decoding=\"async\" class=\"main_image\" alt=\"2\" src=\"https:\/\/www.jhandudar.si\/wp-content\/uploads\/2023\/11\/2-1.jpg\" \/><\/a><\/div><\/div><\/div><\/div><\/div>\t\t<\/div>\n\t\t\t\t<\/div>\n\t\t\t\t\t<\/div>\n\t\t<\/div>\n\t\t\t\t\t<\/div>\n\t\t<\/section>\n\t\t\t\t<\/div>\n\t\t","protected":false},"excerpt":{"rendered":"<p>Na\u0161e Storitve KONTAKTIRAJTE NAS Trgovanje s surovinami in trdnimi odpadki Trgujemo s surovinami in trdnimi odpadki ter sekundarnimi surovinami. VE\u010c Logisti\u010dne in transportne re\u0161itve Razvijamo prilagojene logisti\u010dne re\u0161itve in vas povezujemo s pravimi partnerji za prevoz va\u0161ega materiala. VE\u010c Ravnanje z odpadki in svetovanje Razvijamo prilagojene re\u0161itve za va\u0161e trajnostno recikliranje in ravnanje z odpadki. [&hellip;]<\/p>\n","protected":false},"author":1,"featured_media":0,"parent":0,"menu_order":0,"comment_status":"closed","ping_status":"closed","template":"","meta":{"footnotes":""},"class_list":["post-8491","page","type-page","status-publish","hentry"],"_links":{"self":[{"href":"https:\/\/www.jhandudar.si\/sl\/wp-json\/wp\/v2\/pages\/8491"}],"collection":[{"href":"https:\/\/www.jhandudar.si\/sl\/wp-json\/wp\/v2\/pages"}],"about":[{"href":"https:\/\/www.jhandudar.si\/sl\/wp-json\/wp\/v2\/types\/page"}],"author":[{"embeddable":true,"href":"https:\/\/www.jhandudar.si\/sl\/wp-json\/wp\/v2\/users\/1"}],"replies":[{"embeddable":true,"href":"https:\/\/www.jhandudar.si\/sl\/wp-json\/wp\/v2\/comments?post=8491"}],"version-history":[{"count":1,"href":"https:\/\/www.jhandudar.si\/sl\/wp-json\/wp\/v2\/pages\/8491\/revisions"}],"predecessor-version":[{"id":8492,"href":"https:\/\/www.jhandudar.si\/sl\/wp-json\/wp\/v2\/pages\/8491\/revisions\/8492"}],"wp:attachment":[{"href":"https:\/\/www.jhandudar.si\/sl\/wp-json\/wp\/v2\/media?parent=8491"}],"curies":[{"name":"wp","href":"https:\/\/api.w.org\/{rel}","templated":true}]}}