{"id":8601,"date":"2023-08-17T16:35:17","date_gmt":"2023-08-17T16:35:17","guid":{"rendered":"https:\/\/www.jhandudar.si\/pogoji-uporabe\/"},"modified":"2024-09-13T12:05:30","modified_gmt":"2024-09-13T12:05:30","slug":"pogoji-uporabe","status":"publish","type":"page","link":"https:\/\/www.jhandudar.si\/sl\/pogoji-uporabe\/","title":{"rendered":"Pogoji uporabe"},"content":{"rendered":"\n<h5 class=\"wp-block-heading\">1. Lastnik spletnega mesta<\/h5>\n\n<p>JHANDUDAR d.o.o.<br\/>Log 255<br\/>2345 Bistrica ob Dravi<br\/>Slovenija<br\/>\u0160tevilka DDV: SI73995347 ; Registrska<strong>\u0161tevilka:<\/strong> 9379401000 <br\/>Datum zadnje spremembe dokumenta<strong>:<\/strong> 29.10.2023<\/p>\n\n<h5 class=\"wp-block-heading\"><strong>2. Sprejemanje pogojev<\/strong><\/h5>\n\n<p>Z uporabo spletnega mesta uporabnik (obiskovalec) potrjuje, da sprejema tukaj opisana pravila.\nSpletno mesto je v skladu z zakonodajo Republike Slovenije.\nV primeru nejasnosti se obrnite na nas.  <\/p>\n\n<h5 class=\"wp-block-heading\"><strong>3. Izjava o zavrnitvi odgovornosti glede vsebine<\/strong><\/h5>\n\n<p>Vsa vsebina na spletnem mestu je informativne narave in se lahko spremeni, posodobi ali izbri\u0161e brez predhodnega obvestila.\nLastnik spletnega mesta zagotavlja to\u010dnost podatkov, vendar ni odgovoren za tipkarske napake ali nepopolne informacije. <\/p>\n\n<h5 class=\"wp-block-heading\"><strong>4. Varstvo avtorskih pravic<\/strong><\/h5>\n\n<p>Spletna stran in njena vsebina sta predmet avtorske za\u0161\u010dite.\nKakr\u0161no koli spreminjanje, razmno\u017eevanje, raz\u0161irjanje ali javno prikazovanje objavljenega gradiva je brez pisnega dovoljenja prepovedano. <\/p>\n\n<h5 class=\"wp-block-heading\"><strong>5. Varstvo osebnih podatkov<\/strong><\/h5>\n\n<p>Osebni podatki se obdelujejo v skladu z Zakonom o varstvu osebnih podatkov le na podlagi dovoljenja uporabnika.\nUporabniki se lahko kadar koli odjavijo od prejemanja novic. <\/p>\n\n<h5 class=\"wp-block-heading\"><strong>6. Zunanje povezave<\/strong><\/h5>\n\n<p>Spletno mesto vsebuje povezave do zunanjih spletnih mest.\nLastnik spletnega mesta ni odgovoren za vsebino teh spletnih mest. <\/p>\n\n<h5 class=\"wp-block-heading\"><strong>7. Omejitev odgovornosti<\/strong><\/h5>\n\n<p>Lastnik spletnega mesta ni odgovoren za \u0161kodo, ki nastane zaradi dostopa, uporabe ali nezmo\u017enosti uporabe informacij na spletnem mestu.\nLastnik ni odgovoren za \u0161kodo, ki jo povzro\u010dijo virusi ali drugi \u0161kodljivi elementi. <\/p>\n\n<h5 class=\"wp-block-heading\"><strong>8. Blagovne znamke in logotipi<\/strong><\/h5>\n\n<p>Uporaba blagovnih znamk, logotipov ali licenc brez pisnega dovoljenja je prepovedana.<\/p>\n\n<h5 class=\"wp-block-heading\"><strong>9. Spremembe pogojev<\/strong><\/h5>\n\n<p>Lastnik spletnega mesta lahko te pogoje kadar koli spremeni, posodobljeni pogoji pa so zavezujo\u010di.\nUporabnikom priporo\u010damo, da preverijo posodobitve na spletnem mestu. <\/p>\n\n<h5 class=\"wp-block-heading\"><strong><strong>10. Re\u0161evanje sporov<\/strong><\/strong><\/h5>\n\n<p>Lastnik spletnega mesta in uporabnik se strinjata, da bosta spore re\u0161evala sporazumno.\nV primeru nere\u0161enih sporov je pristojno pristojno okro\u017eno sodi\u0161\u010de v Mariboru. <\/p>\n\n<p>Z uporabo tega spletnega mesta uporabnik potrjuje, da sprejema opisane pogoje in pravila uporabe.<\/p>\n","protected":false},"excerpt":{"rendered":"<p>1. Lastnik spletnega mesta JHANDUDAR d.o.o.Log 2552345 Bistrica ob DraviSlovenija\u0160tevilka DDV: SI73995347 ; Registrska\u0161tevilka: 9379401000 Datum zadnje spremembe dokumenta: 29.10.2023 2. Sprejemanje pogojev Z uporabo spletnega mesta uporabnik (obiskovalec) potrjuje, da sprejema tukaj opisana pravila. Spletno mesto je v skladu z zakonodajo Republike Slovenije. V primeru nejasnosti se obrnite na nas. 3. Izjava o zavrnitvi [&hellip;]<\/p>\n","protected":false},"author":1,"featured_media":0,"parent":0,"menu_order":0,"comment_status":"closed","ping_status":"closed","template":"","meta":{"footnotes":""},"class_list":["post-8601","page","type-page","status-publish","hentry"],"_links":{"self":[{"href":"https:\/\/www.jhandudar.si\/sl\/wp-json\/wp\/v2\/pages\/8601"}],"collection":[{"href":"https:\/\/www.jhandudar.si\/sl\/wp-json\/wp\/v2\/pages"}],"about":[{"href":"https:\/\/www.jhandudar.si\/sl\/wp-json\/wp\/v2\/types\/page"}],"author":[{"embeddable":true,"href":"https:\/\/www.jhandudar.si\/sl\/wp-json\/wp\/v2\/users\/1"}],"replies":[{"embeddable":true,"href":"https:\/\/www.jhandudar.si\/sl\/wp-json\/wp\/v2\/comments?post=8601"}],"version-history":[{"count":3,"href":"https:\/\/www.jhandudar.si\/sl\/wp-json\/wp\/v2\/pages\/8601\/revisions"}],"predecessor-version":[{"id":8606,"href":"https:\/\/www.jhandudar.si\/sl\/wp-json\/wp\/v2\/pages\/8601\/revisions\/8606"}],"wp:attachment":[{"href":"https:\/\/www.jhandudar.si\/sl\/wp-json\/wp\/v2\/media?parent=8601"}],"curies":[{"name":"wp","href":"https:\/\/api.w.org\/{rel}","templated":true}]}}